{"id":931,"date":"2025-09-01T09:06:03","date_gmt":"2025-09-01T09:06:03","guid":{"rendered":"https:\/\/aif.org.es\/?page_id=931"},"modified":"2025-09-01T09:06:03","modified_gmt":"2025-09-01T09:06:03","slug":"orientacion-laboral","status":"publish","type":"page","link":"https:\/\/www.aif.org.es\/?page_id=931","title":{"rendered":"Orientaci\u00f3n laboral"},"content":{"rendered":"\n<div class=\"wp-block-media-text is-stacked-on-mobile\" style=\"grid-template-columns:33% auto\"><figure class=\"wp-block-media-text__media\"><img loading=\"lazy\" decoding=\"async\" width=\"500\" height=\"500\" src=\"https:\/\/aif.org.es\/wp-content\/uploads\/2025\/09\/orientador-laboral.png\" alt=\"\" class=\"wp-image-932 size-full\" srcset=\"https:\/\/www.aif.org.es\/wp-content\/uploads\/2025\/09\/orientador-laboral.png 500w, https:\/\/www.aif.org.es\/wp-content\/uploads\/2025\/09\/orientador-laboral-300x300.png 300w, https:\/\/www.aif.org.es\/wp-content\/uploads\/2025\/09\/orientador-laboral-150x150.png 150w\" sizes=\"auto, (max-width: 500px) 100vw, 500px\" \/><\/figure><div class=\"wp-block-media-text__content\">\n<p>Debido a las caracter\u00edsticas de las personas con Asperger, muchas veces se encuentran perdidas a la hora de buscar un empleo, tienen dificultad para acceder a servicios de inserci\u00f3n, les cuesta mantener el empleo, etc. <\/p>\n\n\n\n<p>En la asociaci\u00f3n ofrecemos un servicio de orientaci\u00f3n laboral con el objetivo de ofrecer apoyo relacionado con el mundo laboral y de orientar a las personas Asperger hacia otros recursos comunitarios de inserci\u00f3n laboral.<\/p>\n<\/div><\/div>\n\n\n\n<p>Si necesitas apoyo en relaci\u00f3n al mundo labora puedes ponerte en <a href=\"https:\/\/aif.org.es\/?page_id=475\" data-type=\"page\" data-id=\"475\">contacto con nosotras. <\/a><\/p>\n","protected":false},"excerpt":{"rendered":"<p>Debido a las caracter\u00edsticas de las personas con Asperger, muchas veces se encuentran perdidas a la hora de buscar un empleo, tienen dificultad para acceder a servicios de inserci\u00f3n, les cuesta mantener el empleo, etc. En la asociaci\u00f3n ofrecemos un servicio de orientaci\u00f3n laboral con el objetivo de ofrecer apoyo relacionado con el mundo laboral\u2026 <span class=\"read-more\"><a href=\"https:\/\/www.aif.org.es\/?page_id=931\">Leer m\u00e1s &raquo;<\/a><\/span><\/p>\n","protected":false},"author":1,"featured_media":0,"parent":0,"menu_order":0,"comment_status":"closed","ping_status":"closed","template":"","meta":{"footnotes":""},"class_list":["post-931","page","type-page","status-publish","hentry"],"_links":{"self":[{"href":"https:\/\/www.aif.org.es\/index.php?rest_route=\/wp\/v2\/pages\/931","targetHints":{"allow":["GET"]}}],"collection":[{"href":"https:\/\/www.aif.org.es\/index.php?rest_route=\/wp\/v2\/pages"}],"about":[{"href":"https:\/\/www.aif.org.es\/index.php?rest_route=\/wp\/v2\/types\/page"}],"author":[{"embeddable":true,"href":"https:\/\/www.aif.org.es\/index.php?rest_route=\/wp\/v2\/users\/1"}],"replies":[{"embeddable":true,"href":"https:\/\/www.aif.org.es\/index.php?rest_route=%2Fwp%2Fv2%2Fcomments&post=931"}],"version-history":[{"count":1,"href":"https:\/\/www.aif.org.es\/index.php?rest_route=\/wp\/v2\/pages\/931\/revisions"}],"predecessor-version":[{"id":933,"href":"https:\/\/www.aif.org.es\/index.php?rest_route=\/wp\/v2\/pages\/931\/revisions\/933"}],"wp:attachment":[{"href":"https:\/\/www.aif.org.es\/index.php?rest_route=%2Fwp%2Fv2%2Fmedia&parent=931"}],"curies":[{"name":"wp","href":"https:\/\/api.w.org\/{rel}","templated":true}]}}