{"id":903,"date":"2025-09-01T08:38:04","date_gmt":"2025-09-01T08:38:04","guid":{"rendered":"https:\/\/aif.org.es\/?page_id=903"},"modified":"2025-09-01T08:41:58","modified_gmt":"2025-09-01T08:41:58","slug":"apoyo-educativo-y-pedagogia","status":"publish","type":"page","link":"https:\/\/www.aif.org.es\/?page_id=903","title":{"rendered":"Apoyo educativo y pedagog\u00eda"},"content":{"rendered":"\n<div class=\"wp-block-media-text is-stacked-on-mobile\"><figure class=\"wp-block-media-text__media\"><img loading=\"lazy\" decoding=\"async\" width=\"500\" height=\"500\" src=\"https:\/\/aif.org.es\/wp-content\/uploads\/2025\/09\/trabajo-en-grupo.png\" alt=\"\" class=\"wp-image-904 size-full\" srcset=\"https:\/\/www.aif.org.es\/wp-content\/uploads\/2025\/09\/trabajo-en-grupo.png 500w, https:\/\/www.aif.org.es\/wp-content\/uploads\/2025\/09\/trabajo-en-grupo-300x300.png 300w, https:\/\/www.aif.org.es\/wp-content\/uploads\/2025\/09\/trabajo-en-grupo-150x150.png 150w\" sizes=\"auto, (max-width: 500px) 100vw, 500px\" \/><\/figure><div class=\"wp-block-media-text__content\">\n<p>Este servicio especialidado va orientado a ofrecer un apoyo educativo que compense los retos a los que se enfrenta el alumnado en el espectro del autismo a la hora de afrontar el sistema educativo. De esta manera favorecer la igualdad de oportunidades, el \u00e9xito acad\u00e9mico y la prevenci\u00f3n del abandono escolar. <\/p>\n\n\n\n<p>Adem\u00e1s, pretende ofrecer un respiro a las familias, para que sus hijos tengan un espacio donde resolver dudas, hacer los deberes, adem\u00e1s de aprender t\u00e9cnicas de estudio. <\/p>\n<\/div><\/div>\n\n\n\n<p>Si te interesa tener m\u00e1s informaci\u00f3n sobre este servicio puedes ponerte en <a href=\"https:\/\/aif.org.es\/?page_id=475\" data-type=\"page\" data-id=\"475\">contacto con nosotras. <\/a><\/p>\n\n\n\n<p><\/p>\n","protected":false},"excerpt":{"rendered":"<p>Este servicio especialidado va orientado a ofrecer un apoyo educativo que compense los retos a los que se enfrenta el alumnado en el espectro del autismo a la hora de afrontar el sistema educativo. De esta manera favorecer la igualdad de oportunidades, el \u00e9xito acad\u00e9mico y la prevenci\u00f3n del abandono escolar. Adem\u00e1s, pretende ofrecer un\u2026 <span class=\"read-more\"><a href=\"https:\/\/www.aif.org.es\/?page_id=903\">Leer m\u00e1s &raquo;<\/a><\/span><\/p>\n","protected":false},"author":1,"featured_media":0,"parent":0,"menu_order":0,"comment_status":"closed","ping_status":"closed","template":"","meta":{"footnotes":""},"class_list":["post-903","page","type-page","status-publish","hentry"],"_links":{"self":[{"href":"https:\/\/www.aif.org.es\/index.php?rest_route=\/wp\/v2\/pages\/903","targetHints":{"allow":["GET"]}}],"collection":[{"href":"https:\/\/www.aif.org.es\/index.php?rest_route=\/wp\/v2\/pages"}],"about":[{"href":"https:\/\/www.aif.org.es\/index.php?rest_route=\/wp\/v2\/types\/page"}],"author":[{"embeddable":true,"href":"https:\/\/www.aif.org.es\/index.php?rest_route=\/wp\/v2\/users\/1"}],"replies":[{"embeddable":true,"href":"https:\/\/www.aif.org.es\/index.php?rest_route=%2Fwp%2Fv2%2Fcomments&post=903"}],"version-history":[{"count":2,"href":"https:\/\/www.aif.org.es\/index.php?rest_route=\/wp\/v2\/pages\/903\/revisions"}],"predecessor-version":[{"id":909,"href":"https:\/\/www.aif.org.es\/index.php?rest_route=\/wp\/v2\/pages\/903\/revisions\/909"}],"wp:attachment":[{"href":"https:\/\/www.aif.org.es\/index.php?rest_route=%2Fwp%2Fv2%2Fmedia&parent=903"}],"curies":[{"name":"wp","href":"https:\/\/api.w.org\/{rel}","templated":true}]}}