{"id":880,"date":"2025-09-01T08:08:09","date_gmt":"2025-09-01T08:08:09","guid":{"rendered":"https:\/\/aif.org.es\/?page_id=880"},"modified":"2025-09-01T08:09:28","modified_gmt":"2025-09-01T08:09:28","slug":"atencion-psicologica-especializada-en-autismo","status":"publish","type":"page","link":"https:\/\/www.aif.org.es\/?page_id=880","title":{"rendered":"Atenci\u00f3n psicol\u00f3gica especializada en autismo"},"content":{"rendered":"\n<div class=\"wp-block-columns\">\n<div class=\"wp-block-column\" style=\"flex-basis:33.33%\">\n<figure class=\"wp-block-gallery has-nested-images columns-default is-cropped\">\n<figure class=\"wp-block-image size-large\"><img loading=\"lazy\" width=\"500\" height=\"500\" src=\"https:\/\/aif.org.es\/wp-content\/uploads\/2025\/09\/psicologia-educativa.png\" alt=\"\" class=\"wp-image-881\" srcset=\"https:\/\/www.aif.org.es\/wp-content\/uploads\/2025\/09\/psicologia-educativa.png 500w, https:\/\/www.aif.org.es\/wp-content\/uploads\/2025\/09\/psicologia-educativa-300x300.png 300w, https:\/\/www.aif.org.es\/wp-content\/uploads\/2025\/09\/psicologia-educativa-150x150.png 150w\" sizes=\"(max-width: 500px) 100vw, 500px\" \/><\/figure>\n<\/figure>\n<\/div>\n\n\n\n<div class=\"wp-block-column\" style=\"flex-basis:66.66%\">\n<p>A trav\u00e9s del servicio de psicolog\u00eda atendemos a personas de todas las edades de manera individualizada. <\/p>\n\n\n\n<p>El objetivo de este servicio es promover el bienestar psicol\u00f3gico y la salud mental de las personas en el espectro del autismo desde un enfoque respetuoso con las neurodivergencias. <\/p>\n\n\n\n<p>Las sesiones duran 45 minutos y en ellas se trabajan las necesidades m\u00e1s comunes que presentan las personas en el espectro del autismo: regulaci\u00f3n emocional, comprensi\u00f3n social, habilidades de comunicaci\u00f3n, tratamiento de problemas de salud mental, etc.<\/p>\n<\/div>\n<\/div>\n\n\n\n<p>Si t\u00fa o un familiar necesita atenci\u00f3n psicol\u00f3gica, puedes ponerte en <a href=\"https:\/\/aif.org.es\/?page_id=475\" data-type=\"page\" data-id=\"475\">contacto con nosotros. <\/a><\/p>\n\n\n\n<p><\/p>\n","protected":false},"excerpt":{"rendered":"<p>A trav\u00e9s del servicio de psicolog\u00eda atendemos a personas de todas las edades de manera individualizada. El objetivo de este servicio es promover el bienestar psicol\u00f3gico y la salud mental de las personas en el espectro del autismo desde un enfoque respetuoso con las neurodivergencias. Las sesiones duran 45 minutos y en ellas se trabajan\u2026 <span class=\"read-more\"><a href=\"https:\/\/www.aif.org.es\/?page_id=880\">Leer m\u00e1s &raquo;<\/a><\/span><\/p>\n","protected":false},"author":1,"featured_media":0,"parent":0,"menu_order":0,"comment_status":"closed","ping_status":"closed","template":"","meta":[],"_links":{"self":[{"href":"https:\/\/www.aif.org.es\/index.php?rest_route=\/wp\/v2\/pages\/880"}],"collection":[{"href":"https:\/\/www.aif.org.es\/index.php?rest_route=\/wp\/v2\/pages"}],"about":[{"href":"https:\/\/www.aif.org.es\/index.php?rest_route=\/wp\/v2\/types\/page"}],"author":[{"embeddable":true,"href":"https:\/\/www.aif.org.es\/index.php?rest_route=\/wp\/v2\/users\/1"}],"replies":[{"embeddable":true,"href":"https:\/\/www.aif.org.es\/index.php?rest_route=%2Fwp%2Fv2%2Fcomments&post=880"}],"version-history":[{"count":2,"href":"https:\/\/www.aif.org.es\/index.php?rest_route=\/wp\/v2\/pages\/880\/revisions"}],"predecessor-version":[{"id":884,"href":"https:\/\/www.aif.org.es\/index.php?rest_route=\/wp\/v2\/pages\/880\/revisions\/884"}],"wp:attachment":[{"href":"https:\/\/www.aif.org.es\/index.php?rest_route=%2Fwp%2Fv2%2Fmedia&parent=880"}],"curies":[{"name":"wp","href":"https:\/\/api.w.org\/{rel}","templated":true}]}}