{"id":421,"date":"2022-07-25T10:13:24","date_gmt":"2022-07-25T10:13:24","guid":{"rendered":"https:\/\/www.aif.org.es\/?page_id=421"},"modified":"2023-01-12T13:31:32","modified_gmt":"2023-01-12T13:31:32","slug":"intervencio-en-tea-des-dels-centres-deducacio-primaria","status":"publish","type":"page","link":"https:\/\/www.aif.org.es\/?page_id=421","title":{"rendered":"Intervenci\u00f3 en TEA des dels centres d\u00b4educaci\u00f3 prim\u00e0ria"},"content":{"rendered":"\n<p>Curs escolar: 2022\/2023<br>L\u00ednia estrat\u00e8gica: Pla 20-24 1 Metodologies i avaluaci\u00f3 competencials i inclusives<br>Modalitat: Activitat puntual de formaci\u00f3<br>\u00c0mbit: Auton\u00f2mic<br>Forma de participaci\u00f3: A dist\u00e0ncia, online<br>Hores totals: <strong>8<\/strong><br>Cost: <strong>20 euros<\/strong><br>Calendari i horari: <\/p>\n\n\n\n<ul class=\"wp-block-list\">\n<li><strong>Divendres 27 gener 16:30-19:00.<\/strong><\/li>\n<\/ul>\n\n\n\n<ul class=\"wp-block-list\">\n<li><strong>Divendres 3 febrer 16:30-19:30<\/strong><\/li>\n<\/ul>\n\n\n\n<ul class=\"wp-block-list\">\n<li><strong>Divendres 10 febrer 16:30-19:00\u00a0\u00a0<\/strong><br><\/li>\n<\/ul>\n\n\n\n<p><strong>Objectius: <\/strong><\/p>\n\n\n\n<ul class=\"wp-block-list\">\n<li>Identificar les caracter\u00edstiques associades al TEA durant l\u00b4etapa de la<br>prim\u00e0ria.<\/li>\n\n\n\n<li>Comprendre les necessitats i les principals \u00e0rees d\u00b4intervenci\u00f3 en alumnat TEA.<\/li>\n\n\n\n<li>Dotar als participants de les eines necess\u00e0ries que afavoreixin l\u00b4adaptaci\u00f3 i la inclusi\u00f3<br>de l\u00b4alumnat amb TEA alt funcionament en els centres d\u00b4educaci\u00f3 prim\u00e0ria.<br><\/li>\n<\/ul>\n\n\n\n<p><strong>Continguts: <\/strong><\/p>\n\n\n\n<ul class=\"wp-block-list\">\n<li>Introducci\u00f3: TEA alt funcionament. Principis b\u00e0sics d\u00b4intervenci\u00f3 en TEA. <\/li>\n\n\n\n<li>Adaptacions metodologies clau per afavorir la regulaci\u00f3 emocional i l\u00b4aprenentatge.<\/li>\n\n\n\n<li>Model TEACHH i l&#8217;ensenyament estructurat.<\/li>\n\n\n\n<li>Taller histories socials.<\/li>\n\n\n\n<li>Taller de suports visuals<\/li>\n\n\n\n<li>El treball amb les fam\u00edlies. La comunicaci\u00f3 fam\u00edlia &#8211; centre educatiu.<\/li>\n<\/ul>\n\n\n\n<p><strong>Formadors:<\/strong><\/p>\n\n\n\n<p>Mar\u00eda del Mar Ferre Aguilera<br>Psic\u00f2loga especialista en intervenci\u00f3 amb persones TEA. Coordinadora Associaci\u00f3 Asperger Eivissa i Formentera.<\/p>\n\n\n\n<p><strong><a href=\"https:\/\/forms.gle\/Qks29SEA4uongiuz6\" data-type=\"URL\" data-id=\"https:\/\/forms.gle\/Qks29SEA4uongiuz6\" target=\"_blank\" rel=\"noreferrer noopener\">Enlla\u00e7 per realitzar la inscripci\u00f3<\/a><\/strong><\/p>\n\n\n\n<p>Pago d\u2019inscripci\u00f3 mitjan\u00e7ant:<\/p>\n\n\n\n<ul class=\"wp-block-list\">\n<li>Transfer\u00e8ncia al compte ES05 2056 0015 6010 0179 6125<\/li>\n\n\n\n<li>Bizum donativu amb el codi 02335<\/li>\n<\/ul>\n\n\n\n<p>Envia el justificant al correu:&nbsp;<em>administracion@aif.org.es<\/em><\/p>\n","protected":false},"excerpt":{"rendered":"<p>Curs escolar: 2022\/2023L\u00ednia estrat\u00e8gica: Pla 20-24 1 Metodologies i avaluaci\u00f3 competencials i inclusivesModalitat: Activitat puntual de formaci\u00f3\u00c0mbit: Auton\u00f2micForma de participaci\u00f3: A dist\u00e0ncia, onlineHores totals: 8Cost: 20 eurosCalendari i horari: Objectius: Continguts: Formadors: Mar\u00eda del Mar Ferre AguileraPsic\u00f2loga especialista en intervenci\u00f3 amb persones TEA. Coordinadora Associaci\u00f3 Asperger Eivissa i Formentera. Enlla\u00e7 per realitzar la inscripci\u00f3 Pago\u2026 <span class=\"read-more\"><a href=\"https:\/\/www.aif.org.es\/?page_id=421\">Leer m\u00e1s &raquo;<\/a><\/span><\/p>\n","protected":false},"author":1,"featured_media":0,"parent":0,"menu_order":0,"comment_status":"closed","ping_status":"closed","template":"","meta":{"footnotes":""},"class_list":["post-421","page","type-page","status-publish","hentry"],"_links":{"self":[{"href":"https:\/\/www.aif.org.es\/index.php?rest_route=\/wp\/v2\/pages\/421","targetHints":{"allow":["GET"]}}],"collection":[{"href":"https:\/\/www.aif.org.es\/index.php?rest_route=\/wp\/v2\/pages"}],"about":[{"href":"https:\/\/www.aif.org.es\/index.php?rest_route=\/wp\/v2\/types\/page"}],"author":[{"embeddable":true,"href":"https:\/\/www.aif.org.es\/index.php?rest_route=\/wp\/v2\/users\/1"}],"replies":[{"embeddable":true,"href":"https:\/\/www.aif.org.es\/index.php?rest_route=%2Fwp%2Fv2%2Fcomments&post=421"}],"version-history":[{"count":3,"href":"https:\/\/www.aif.org.es\/index.php?rest_route=\/wp\/v2\/pages\/421\/revisions"}],"predecessor-version":[{"id":462,"href":"https:\/\/www.aif.org.es\/index.php?rest_route=\/wp\/v2\/pages\/421\/revisions\/462"}],"wp:attachment":[{"href":"https:\/\/www.aif.org.es\/index.php?rest_route=%2Fwp%2Fv2%2Fmedia&parent=421"}],"curies":[{"name":"wp","href":"https:\/\/api.w.org\/{rel}","templated":true}]}}