{"id":37,"date":"2020-03-27T08:37:28","date_gmt":"2020-03-27T08:37:28","guid":{"rendered":"https:\/\/www.aif.org.es\/?page_id=37"},"modified":"2026-03-31T10:28:55","modified_gmt":"2026-03-31T10:28:55","slug":"inicio","status":"publish","type":"page","link":"https:\/\/www.aif.org.es\/","title":{"rendered":"Inicio"},"content":{"rendered":"\n<p>Bienvenido\/a a la p\u00e1gina de la Asociaci\u00f3n Asperger Ibiza y Formentera. <\/p>\n\n\n\n<p>Puedes contactarnos si necesitas apoyo para ti o tu familiar, a trav\u00e9s de nuestro tel\u00e9fono y correo electr\u00f3nico: <a href=\"https:\/\/aif.org.es\/?page_id=475\">contacto<\/a>.<\/p>\n\n\n\n<hr class=\"wp-block-separator has-css-opacity\"\/>\n\n\n\n<p>Colaboradores:<\/p>\n\n\n\n<div class=\"wp-block-columns is-layout-flex wp-container-core-columns-is-layout-9d6595d7 wp-block-columns-is-layout-flex\">\n<div class=\"wp-block-column is-layout-flow wp-block-column-is-layout-flow\">\n<figure class=\"wp-block-image size-large\"><img loading=\"lazy\" decoding=\"async\" width=\"1024\" height=\"206\" src=\"http:\/\/aif.org.es\/wp-content\/uploads\/2026\/01\/irpf-social-2025-Color-complet-1024x206.png\" alt=\"\" class=\"wp-image-1013\" srcset=\"https:\/\/www.aif.org.es\/wp-content\/uploads\/2026\/01\/irpf-social-2025-Color-complet-1024x206.png 1024w, https:\/\/www.aif.org.es\/wp-content\/uploads\/2026\/01\/irpf-social-2025-Color-complet-300x60.png 300w, https:\/\/www.aif.org.es\/wp-content\/uploads\/2026\/01\/irpf-social-2025-Color-complet-768x154.png 768w, https:\/\/www.aif.org.es\/wp-content\/uploads\/2026\/01\/irpf-social-2025-Color-complet-1536x309.png 1536w, https:\/\/www.aif.org.es\/wp-content\/uploads\/2026\/01\/irpf-social-2025-Color-complet-2048x412.png 2048w, https:\/\/www.aif.org.es\/wp-content\/uploads\/2026\/01\/irpf-social-2025-Color-complet-660x133.png 660w\" sizes=\"auto, (max-width: 1024px) 100vw, 1024px\" \/><\/figure>\n<\/div>\n\n\n\n<div class=\"wp-block-column is-layout-flow wp-block-column-is-layout-flow\">\n<figure class=\"wp-block-image size-full is-resized\"><img loading=\"lazy\" decoding=\"async\" width=\"150\" height=\"150\" src=\"http:\/\/aif.org.es\/wp-content\/uploads\/2021\/03\/consell.jpg\" alt=\"\" class=\"wp-image-192\" style=\"width:155px;height:auto\"\/><\/figure>\n<\/div>\n<\/div>\n\n\n\n<div class=\"wp-block-columns is-layout-flex wp-container-core-columns-is-layout-9d6595d7 wp-block-columns-is-layout-flex\">\n<div class=\"wp-block-column is-layout-flow wp-block-column-is-layout-flow\">\n<figure class=\"wp-block-image size-large is-resized\"><img loading=\"lazy\" decoding=\"async\" width=\"1024\" height=\"501\" src=\"https:\/\/aif.org.es\/wp-content\/uploads\/2026\/03\/General-cymk-gran-1-1024x501.jpg\" alt=\"\" class=\"wp-image-1021\" style=\"aspect-ratio:2.044061079379881;width:198px;height:auto\" srcset=\"https:\/\/www.aif.org.es\/wp-content\/uploads\/2026\/03\/General-cymk-gran-1-1024x501.jpg 1024w, https:\/\/www.aif.org.es\/wp-content\/uploads\/2026\/03\/General-cymk-gran-1-300x147.jpg 300w, https:\/\/www.aif.org.es\/wp-content\/uploads\/2026\/03\/General-cymk-gran-1-768x375.jpg 768w, https:\/\/www.aif.org.es\/wp-content\/uploads\/2026\/03\/General-cymk-gran-1-1536x751.jpg 1536w, https:\/\/www.aif.org.es\/wp-content\/uploads\/2026\/03\/General-cymk-gran-1-2048x1001.jpg 2048w, https:\/\/www.aif.org.es\/wp-content\/uploads\/2026\/03\/General-cymk-gran-1-660x323.jpg 660w\" sizes=\"auto, (max-width: 1024px) 100vw, 1024px\" \/><\/figure>\n<\/div>\n\n\n\n<div class=\"wp-block-column is-layout-flow wp-block-column-is-layout-flow\">\n<figure class=\"wp-block-image size-large is-resized\"><img loading=\"lazy\" decoding=\"async\" width=\"150\" height=\"93\" src=\"http:\/\/www.aif.org.es\/wp-content\/uploads\/2021\/03\/AJUNTAMENT-EIVISSA.jpg\" alt=\"\" class=\"wp-image-197\" style=\"aspect-ratio:1.6129380053908355;width:168px;height:auto\"\/><\/figure>\n<\/div>\n\n\n\n<div class=\"wp-block-column is-layout-flow wp-block-column-is-layout-flow\">\n<figure class=\"wp-block-image size-large is-resized\"><img loading=\"lazy\" decoding=\"async\" width=\"150\" height=\"100\" src=\"http:\/\/www.aif.org.es\/wp-content\/uploads\/2021\/03\/sant-antoni.jpg\" alt=\"\" class=\"wp-image-195\" style=\"aspect-ratio:1.5002807411566537;width:160px;height:auto\"\/><\/figure>\n<\/div>\n<\/div>\n\n\n\n<div class=\"wp-block-columns is-layout-flex wp-container-core-columns-is-layout-9d6595d7 wp-block-columns-is-layout-flex\">\n<div class=\"wp-block-column is-layout-flow wp-block-column-is-layout-flow\">\n<figure class=\"wp-block-image size-full is-resized\"><img loading=\"lazy\" decoding=\"async\" width=\"709\" height=\"472\" src=\"https:\/\/www.aif.org.es\/wp-content\/uploads\/2021\/11\/FLC-Cast-Color-Pos.jpg\" alt=\"\" class=\"wp-image-298\" style=\"aspect-ratio:1.5022569966897381;width:207px;height:auto\" srcset=\"https:\/\/www.aif.org.es\/wp-content\/uploads\/2021\/11\/FLC-Cast-Color-Pos.jpg 709w, https:\/\/www.aif.org.es\/wp-content\/uploads\/2021\/11\/FLC-Cast-Color-Pos-300x200.jpg 300w, https:\/\/www.aif.org.es\/wp-content\/uploads\/2021\/11\/FLC-Cast-Color-Pos-660x439.jpg 660w\" sizes=\"auto, (max-width: 709px) 100vw, 709px\" \/><\/figure>\n\n\n\n<figure class=\"wp-block-image size-large is-resized\"><img loading=\"lazy\" decoding=\"async\" width=\"150\" height=\"51\" src=\"http:\/\/www.aif.org.es\/wp-content\/uploads\/2021\/03\/Logotip_Colonya_Caixa_Pollenca.png\" alt=\"\" class=\"wp-image-194\" style=\"aspect-ratio:2.9416705552963136;width:195px;height:auto\"\/><\/figure>\n\n\n\n<figure class=\"wp-block-image size-full is-resized\"><img loading=\"lazy\" decoding=\"async\" width=\"424\" height=\"396\" src=\"https:\/\/aif.org.es\/wp-content\/uploads\/2025\/01\/Logo-cuadrado-color-DEFINITIVO.jpg\" alt=\"\" class=\"wp-image-683\" style=\"aspect-ratio:1.0707166587565258;width:130px;height:auto\" srcset=\"https:\/\/www.aif.org.es\/wp-content\/uploads\/2025\/01\/Logo-cuadrado-color-DEFINITIVO.jpg 424w, https:\/\/www.aif.org.es\/wp-content\/uploads\/2025\/01\/Logo-cuadrado-color-DEFINITIVO-300x280.jpg 300w\" sizes=\"auto, (max-width: 424px) 100vw, 424px\" \/><\/figure>\n\n\n\n<figure class=\"wp-block-image size-full is-resized\"><img loading=\"lazy\" decoding=\"async\" width=\"900\" height=\"900\" src=\"https:\/\/www.aif.org.es\/wp-content\/uploads\/2022\/06\/logo-Bfit.jpg\" alt=\"\" class=\"wp-image-378\" style=\"width:107px;height:auto\" srcset=\"https:\/\/www.aif.org.es\/wp-content\/uploads\/2022\/06\/logo-Bfit.jpg 900w, https:\/\/www.aif.org.es\/wp-content\/uploads\/2022\/06\/logo-Bfit-300x300.jpg 300w, https:\/\/www.aif.org.es\/wp-content\/uploads\/2022\/06\/logo-Bfit-150x150.jpg 150w, https:\/\/www.aif.org.es\/wp-content\/uploads\/2022\/06\/logo-Bfit-768x768.jpg 768w, https:\/\/www.aif.org.es\/wp-content\/uploads\/2022\/06\/logo-Bfit-660x660.jpg 660w\" sizes=\"auto, (max-width: 900px) 100vw, 900px\" \/><\/figure>\n<\/div>\n\n\n\n<div class=\"wp-block-column is-layout-flow wp-block-column-is-layout-flow\">\n<figure class=\"wp-block-image size-large is-resized\"><img loading=\"lazy\" decoding=\"async\" width=\"150\" height=\"150\" src=\"http:\/\/www.aif.org.es\/wp-content\/uploads\/2021\/03\/ajuntamnt-santa-eularia.jpg\" alt=\"\" class=\"wp-image-198\" style=\"width:155px;height:auto\"\/><\/figure>\n\n\n\n<figure class=\"wp-block-image size-full is-resized\"><img loading=\"lazy\" decoding=\"async\" width=\"650\" height=\"389\" src=\"https:\/\/www.aif.org.es\/wp-content\/uploads\/2021\/11\/descarga-1.png\" alt=\"\" class=\"wp-image-302\" style=\"aspect-ratio:1.6724137931034482;width:163px;height:auto\" srcset=\"https:\/\/www.aif.org.es\/wp-content\/uploads\/2021\/11\/descarga-1.png 650w, https:\/\/www.aif.org.es\/wp-content\/uploads\/2021\/11\/descarga-1-300x180.png 300w\" sizes=\"auto, (max-width: 650px) 100vw, 650px\" \/><\/figure>\n\n\n\n<figure class=\"wp-block-image size-full is-resized\"><img loading=\"lazy\" decoding=\"async\" width=\"250\" height=\"94\" src=\"https:\/\/aif.org.es\/wp-content\/uploads\/2025\/02\/infinitel-sl.png\" alt=\"\" class=\"wp-image-693\" style=\"aspect-ratio:2.6602409638554216;width:242px;height:auto\"\/><\/figure>\n\n\n\n<figure class=\"wp-block-image size-full is-resized\"><img loading=\"lazy\" decoding=\"async\" width=\"562\" height=\"240\" src=\"https:\/\/www.aif.org.es\/wp-content\/uploads\/2022\/01\/Palau-1.jpg\" alt=\"\" class=\"wp-image-341\" style=\"aspect-ratio:2.341880341880342;width:217px;height:auto\" srcset=\"https:\/\/www.aif.org.es\/wp-content\/uploads\/2022\/01\/Palau-1.jpg 562w, https:\/\/www.aif.org.es\/wp-content\/uploads\/2022\/01\/Palau-1-300x128.jpg 300w\" sizes=\"auto, (max-width: 562px) 100vw, 562px\" \/><\/figure>\n<\/div>\n\n\n\n<div class=\"wp-block-column is-layout-flow wp-block-column-is-layout-flow\">\n<figure class=\"wp-block-image size-large is-resized\"><img loading=\"lazy\" decoding=\"async\" width=\"150\" height=\"81\" src=\"http:\/\/www.aif.org.es\/wp-content\/uploads\/2021\/03\/SANT-JOSEP.jpg\" alt=\"\" class=\"wp-image-196\" style=\"aspect-ratio:1.852022361065439;width:163px;height:auto\"\/><\/figure>\n\n\n\n<figure class=\"wp-block-image size-large is-resized\"><img loading=\"lazy\" decoding=\"async\" width=\"150\" height=\"150\" src=\"https:\/\/www.aif.org.es\/wp-content\/uploads\/2021\/03\/unidad.jpg\" alt=\"\" class=\"wp-image-216\" style=\"width:133px;height:auto\"\/><\/figure>\n\n\n\n<figure class=\"wp-block-image size-full is-resized\"><img loading=\"lazy\" decoding=\"async\" width=\"689\" height=\"257\" src=\"https:\/\/www.aif.org.es\/wp-content\/uploads\/2021\/10\/logo-Proteccion-de-Datos-protegemos-tu-informacion.png\" alt=\"\" class=\"wp-image-291\" style=\"aspect-ratio:2.681367144432194;width:205px;height:auto\" srcset=\"https:\/\/www.aif.org.es\/wp-content\/uploads\/2021\/10\/logo-Proteccion-de-Datos-protegemos-tu-informacion.png 689w, https:\/\/www.aif.org.es\/wp-content\/uploads\/2021\/10\/logo-Proteccion-de-Datos-protegemos-tu-informacion-300x112.png 300w, https:\/\/www.aif.org.es\/wp-content\/uploads\/2021\/10\/logo-Proteccion-de-Datos-protegemos-tu-informacion-660x246.png 660w\" sizes=\"auto, (max-width: 689px) 100vw, 689px\" \/><\/figure>\n\n\n\n<figure class=\"wp-block-image size-full is-resized\"><img loading=\"lazy\" decoding=\"async\" width=\"520\" height=\"520\" src=\"https:\/\/aif.org.es\/wp-content\/uploads\/2025\/02\/Logo-Fundacio-Pacha.jpg\" alt=\"\" class=\"wp-image-691\" style=\"width:140px;height:auto\" srcset=\"https:\/\/www.aif.org.es\/wp-content\/uploads\/2025\/02\/Logo-Fundacio-Pacha.jpg 520w, https:\/\/www.aif.org.es\/wp-content\/uploads\/2025\/02\/Logo-Fundacio-Pacha-300x300.jpg 300w, https:\/\/www.aif.org.es\/wp-content\/uploads\/2025\/02\/Logo-Fundacio-Pacha-150x150.jpg 150w\" sizes=\"auto, (max-width: 520px) 100vw, 520px\" \/><\/figure>\n<\/div>\n<\/div>\n\n\n\n<div class=\"wp-block-columns is-layout-flex wp-container-core-columns-is-layout-9d6595d7 wp-block-columns-is-layout-flex\">\n<div class=\"wp-block-column is-layout-flow wp-block-column-is-layout-flow\">\n<figure class=\"wp-block-image size-full is-resized\"><img loading=\"lazy\" decoding=\"async\" width=\"582\" height=\"567\" src=\"https:\/\/aif.org.es\/wp-content\/uploads\/2025\/01\/LOGO-GOLDSERVICE-TU-SALUD-ES-LO-PRIMERO-2025.jpg\" alt=\"\" class=\"wp-image-688\" style=\"aspect-ratio:1.0264900662251655;width:111px;height:auto\" srcset=\"https:\/\/www.aif.org.es\/wp-content\/uploads\/2025\/01\/LOGO-GOLDSERVICE-TU-SALUD-ES-LO-PRIMERO-2025.jpg 582w, https:\/\/www.aif.org.es\/wp-content\/uploads\/2025\/01\/LOGO-GOLDSERVICE-TU-SALUD-ES-LO-PRIMERO-2025-300x292.jpg 300w\" sizes=\"auto, (max-width: 582px) 100vw, 582px\" \/><\/figure>\n<\/div>\n\n\n\n<div class=\"wp-block-column is-layout-flow wp-block-column-is-layout-flow\">\n<figure class=\"wp-block-image size-full is-resized\"><img loading=\"lazy\" decoding=\"async\" width=\"500\" height=\"500\" src=\"http:\/\/www.aif.org.es\/wp-content\/uploads\/2022\/10\/Logo-silla-des-bosc.png\" alt=\"\" class=\"wp-image-454\" style=\"width:134px;height:auto\" srcset=\"https:\/\/www.aif.org.es\/wp-content\/uploads\/2022\/10\/Logo-silla-des-bosc.png 500w, https:\/\/www.aif.org.es\/wp-content\/uploads\/2022\/10\/Logo-silla-des-bosc-300x300.png 300w, https:\/\/www.aif.org.es\/wp-content\/uploads\/2022\/10\/Logo-silla-des-bosc-150x150.png 150w\" sizes=\"auto, (max-width: 500px) 100vw, 500px\" \/><\/figure>\n<\/div>\n\n\n\n<div class=\"wp-block-column is-layout-flow wp-block-column-is-layout-flow\"><\/div>\n<\/div>\n\n\n\n<div class=\"wp-block-columns is-layout-flex wp-container-core-columns-is-layout-9d6595d7 wp-block-columns-is-layout-flex\">\n<div class=\"wp-block-column is-layout-flow wp-block-column-is-layout-flow\"><\/div>\n\n\n\n<div class=\"wp-block-column is-layout-flow wp-block-column-is-layout-flow\"><\/div>\n\n\n\n<div class=\"wp-block-column is-layout-flow wp-block-column-is-layout-flow\"><\/div>\n<\/div>\n","protected":false},"excerpt":{"rendered":"<p>Bienvenido\/a a la p\u00e1gina de la Asociaci\u00f3n Asperger Ibiza y Formentera. Puedes contactarnos si necesitas apoyo para ti o tu familiar, a trav\u00e9s de nuestro tel\u00e9fono y correo electr\u00f3nico: contacto. Colaboradores:<\/p>\n","protected":false},"author":1,"featured_media":0,"parent":0,"menu_order":0,"comment_status":"closed","ping_status":"closed","template":"","meta":{"footnotes":""},"class_list":["post-37","page","type-page","status-publish","hentry"],"_links":{"self":[{"href":"https:\/\/www.aif.org.es\/index.php?rest_route=\/wp\/v2\/pages\/37","targetHints":{"allow":["GET"]}}],"collection":[{"href":"https:\/\/www.aif.org.es\/index.php?rest_route=\/wp\/v2\/pages"}],"about":[{"href":"https:\/\/www.aif.org.es\/index.php?rest_route=\/wp\/v2\/types\/page"}],"author":[{"embeddable":true,"href":"https:\/\/www.aif.org.es\/index.php?rest_route=\/wp\/v2\/users\/1"}],"replies":[{"embeddable":true,"href":"https:\/\/www.aif.org.es\/index.php?rest_route=%2Fwp%2Fv2%2Fcomments&post=37"}],"version-history":[{"count":32,"href":"https:\/\/www.aif.org.es\/index.php?rest_route=\/wp\/v2\/pages\/37\/revisions"}],"predecessor-version":[{"id":1022,"href":"https:\/\/www.aif.org.es\/index.php?rest_route=\/wp\/v2\/pages\/37\/revisions\/1022"}],"wp:attachment":[{"href":"https:\/\/www.aif.org.es\/index.php?rest_route=%2Fwp%2Fv2%2Fmedia&parent=37"}],"curies":[{"name":"wp","href":"https:\/\/api.w.org\/{rel}","templated":true}]}}